{"id":7,"date":"2025-01-11T10:07:08","date_gmt":"2025-01-11T09:07:08","guid":{"rendered":"http:\/\/zoedelac.com\/?page_id=7"},"modified":"2025-11-18T12:30:29","modified_gmt":"2025-11-18T11:30:29","slug":"accueil","status":"publish","type":"page","link":"https:\/\/zoedelac.com\/","title":{"rendered":"accueil"},"content":{"rendered":"<div class=\"wp-block-columns is-layout-flex wp-container-core-columns-is-layout-80052349 wp-block-columns-is-layout-flex\" style=\"padding-right:0px;padding-left:0px\"><div class=\"wp-block-column is-vertically-aligned-center is-layout-flow wp-block-column-is-layout-flow\"><figure class=\"wp-block-image size-large is-style-default\"><img loading=\"lazy\" decoding=\"async\" width=\"1024\" height=\"1024\" src=\"https:\/\/zoedelac.com\/wp-content\/uploads\/2025\/01\/IMG_0027-1-1024x1024.jpg\" alt=\"\" class=\"wp-image-126\" srcset=\"https:\/\/zoedelac.com\/wp-content\/uploads\/2025\/01\/IMG_0027-1-1024x1024.jpg 1024w, https:\/\/zoedelac.com\/wp-content\/uploads\/2025\/01\/IMG_0027-1-300x300.jpg 300w, https:\/\/zoedelac.com\/wp-content\/uploads\/2025\/01\/IMG_0027-1-100x100.jpg 100w, https:\/\/zoedelac.com\/wp-content\/uploads\/2025\/01\/IMG_0027-1-600x600.jpg 600w, https:\/\/zoedelac.com\/wp-content\/uploads\/2025\/01\/IMG_0027-1-150x150.jpg 150w, https:\/\/zoedelac.com\/wp-content\/uploads\/2025\/01\/IMG_0027-1-768x768.jpg 768w, https:\/\/zoedelac.com\/wp-content\/uploads\/2025\/01\/IMG_0027-1-1536x1536.jpg 1536w, https:\/\/zoedelac.com\/wp-content\/uploads\/2025\/01\/IMG_0027-1.jpg 1722w\" sizes=\"auto, (max-width: 1024px) 100vw, 1024px\" \/><\/figure><\/div>\n\n<div class=\"wp-block-column is-vertically-aligned-center is-layout-flow wp-block-column-is-layout-flow\"><p style=\"font-size:20px;line-height:1.2\">\u2710<strong><br>Bienvenue sur le site <\/strong><strong>de Zo\u00e9 Delac <\/strong><br><br>Ce site regroupe diff\u00e9rents travaux, commandes, s\u00e9rigraphies, peintures, prints et une boutique en ligne <br><br>Plus d&rsquo;infos \u00e9galement sur <a href=\"https:\/\/www.instagram.com\/zoe.delac\/?igsh=MW16dnh4emNzNHE3NA%3D%3D&amp;fbclid=IwZXh0bgNhZW0CMTAAAR3Y6E3RV3VSWMrleWm-sHi0F9P6oTRJ6lTs2MLnvckFkDmGe7Hx_YSNqHE_aem_FJWmlv8g_3tmgfMXp1NIFQ\"><strong>instagram<\/strong><\/a> !<br><\/p>\n\n<p style=\"font-size:17px\">Welcome to Zo\u00e9 Delac&rsquo;s website<br>This site features a variety of works, commissions, screen prints,<br>paintings, art prints, and an online shop<br>More info on Instagram<\/p><\/div><\/div><div class=\"wp-block-columns is-layout-flex wp-container-core-columns-is-layout-8ee60c95 wp-block-columns-is-layout-flex\" style=\"padding-right:0px;padding-left:0px\"><div class=\"wp-block-column is-vertically-aligned-center is-layout-flow wp-block-column-is-layout-flow\"><p class=\"has-text-align-center\" style=\"font-size:34px;line-height:1.2\"><strong><br>Derniers<br>travaux publi\u00e9s <\/strong><br><\/p>\n\n<p class=\"has-text-align-center\" style=\"font-size:18px\">Latest published works \u2710<br><br><\/p><\/div>\n\n<div class=\"wp-block-column is-vertically-aligned-center is-layout-flow wp-block-column-is-layout-flow\"><ul class=\"wp-block-latest-posts__list is-grid columns-3 wp-block-latest-posts\"><li><div class=\"wp-block-latest-posts__featured-image\"><a href=\"https:\/\/zoedelac.com\/index.php\/2025\/11\/18\/buffalo-ii\/\" aria-label=\"BUFFALO II\"><img loading=\"lazy\" decoding=\"async\" width=\"300\" height=\"300\" src=\"https:\/\/zoedelac.com\/wp-content\/uploads\/2025\/11\/carre-300x300.jpg\" class=\"attachment-medium size-medium wp-post-image\" alt=\"\" style=\"\" srcset=\"https:\/\/zoedelac.com\/wp-content\/uploads\/2025\/11\/carre-300x300.jpg 300w, https:\/\/zoedelac.com\/wp-content\/uploads\/2025\/11\/carre-1024x1024.jpg 1024w, https:\/\/zoedelac.com\/wp-content\/uploads\/2025\/11\/carre-150x150.jpg 150w, https:\/\/zoedelac.com\/wp-content\/uploads\/2025\/11\/carre-768x768.jpg 768w, https:\/\/zoedelac.com\/wp-content\/uploads\/2025\/11\/carre-1536x1536.jpg 1536w, https:\/\/zoedelac.com\/wp-content\/uploads\/2025\/11\/carre-2048x2048.jpg 2048w, https:\/\/zoedelac.com\/wp-content\/uploads\/2025\/11\/carre-600x600.jpg 600w, https:\/\/zoedelac.com\/wp-content\/uploads\/2025\/11\/carre-100x100.jpg 100w\" sizes=\"auto, (max-width: 300px) 100vw, 300px\" \/><\/a><\/div><a class=\"wp-block-latest-posts__post-title\" href=\"https:\/\/zoedelac.com\/index.php\/2025\/11\/18\/buffalo-ii\/\">BUFFALO II<\/a><\/li>\n<li><div class=\"wp-block-latest-posts__featured-image\"><a href=\"https:\/\/zoedelac.com\/index.php\/2025\/05\/07\/briquet-rouge\/\" aria-label=\"Briquet rouge\"><img loading=\"lazy\" decoding=\"async\" width=\"300\" height=\"300\" src=\"https:\/\/zoedelac.com\/wp-content\/uploads\/2025\/05\/vbg-300x300.jpg\" class=\"attachment-medium size-medium wp-post-image\" alt=\"\" style=\"\" srcset=\"https:\/\/zoedelac.com\/wp-content\/uploads\/2025\/05\/vbg-300x300.jpg 300w, https:\/\/zoedelac.com\/wp-content\/uploads\/2025\/05\/vbg-150x150.jpg 150w, https:\/\/zoedelac.com\/wp-content\/uploads\/2025\/05\/vbg-100x100.jpg 100w, https:\/\/zoedelac.com\/wp-content\/uploads\/2025\/05\/vbg.jpg 486w\" sizes=\"auto, (max-width: 300px) 100vw, 300px\" \/><\/a><\/div><a class=\"wp-block-latest-posts__post-title\" href=\"https:\/\/zoedelac.com\/index.php\/2025\/05\/07\/briquet-rouge\/\">Briquet rouge<\/a><\/li>\n<li><div class=\"wp-block-latest-posts__featured-image\"><a href=\"https:\/\/zoedelac.com\/index.php\/2025\/05\/06\/frite-frite\/\" aria-label=\"FRITE FRITE\"><img loading=\"lazy\" decoding=\"async\" width=\"300\" height=\"300\" src=\"https:\/\/zoedelac.com\/wp-content\/uploads\/2025\/05\/ghugigf-300x300.jpg\" class=\"attachment-medium size-medium wp-post-image\" alt=\"\" style=\"\" srcset=\"https:\/\/zoedelac.com\/wp-content\/uploads\/2025\/05\/ghugigf-300x300.jpg 300w, https:\/\/zoedelac.com\/wp-content\/uploads\/2025\/05\/ghugigf-150x150.jpg 150w, https:\/\/zoedelac.com\/wp-content\/uploads\/2025\/05\/ghugigf-100x100.jpg 100w, https:\/\/zoedelac.com\/wp-content\/uploads\/2025\/05\/ghugigf.jpg 453w\" sizes=\"auto, (max-width: 300px) 100vw, 300px\" \/><\/a><\/div><a class=\"wp-block-latest-posts__post-title\" href=\"https:\/\/zoedelac.com\/index.php\/2025\/05\/06\/frite-frite\/\">FRITE FRITE<\/a><\/li>\n<li><div class=\"wp-block-latest-posts__featured-image\"><a href=\"https:\/\/zoedelac.com\/index.php\/2025\/02\/15\/poulpo-nancy\/\" aria-label=\"Poulpo &#8211; Nancy\"><img loading=\"lazy\" decoding=\"async\" width=\"300\" height=\"256\" src=\"https:\/\/zoedelac.com\/wp-content\/uploads\/2025\/02\/evere-300x256.jpg\" class=\"attachment-medium size-medium wp-post-image\" alt=\"\" style=\"\" srcset=\"https:\/\/zoedelac.com\/wp-content\/uploads\/2025\/02\/evere-300x256.jpg 300w, https:\/\/zoedelac.com\/wp-content\/uploads\/2025\/02\/evere-768x655.jpg 768w, https:\/\/zoedelac.com\/wp-content\/uploads\/2025\/02\/evere-600x512.jpg 600w, https:\/\/zoedelac.com\/wp-content\/uploads\/2025\/02\/evere.jpg 917w\" sizes=\"auto, (max-width: 300px) 100vw, 300px\" \/><\/a><\/div><a class=\"wp-block-latest-posts__post-title\" href=\"https:\/\/zoedelac.com\/index.php\/2025\/02\/15\/poulpo-nancy\/\">Poulpo &#8211; Nancy<\/a><\/li>\n<li><div class=\"wp-block-latest-posts__featured-image\"><a href=\"https:\/\/zoedelac.com\/index.php\/2025\/02\/15\/la-chaouette\/\" aria-label=\"LA CHAOUETTE\"><img loading=\"lazy\" decoding=\"async\" width=\"300\" height=\"300\" src=\"https:\/\/zoedelac.com\/wp-content\/uploads\/2025\/02\/ggg-300x300.jpg\" class=\"attachment-medium size-medium wp-post-image\" alt=\"\" style=\"\" srcset=\"https:\/\/zoedelac.com\/wp-content\/uploads\/2025\/02\/ggg-300x300.jpg 300w, https:\/\/zoedelac.com\/wp-content\/uploads\/2025\/02\/ggg-1024x1024.jpg 1024w, https:\/\/zoedelac.com\/wp-content\/uploads\/2025\/02\/ggg-150x150.jpg 150w, https:\/\/zoedelac.com\/wp-content\/uploads\/2025\/02\/ggg-768x768.jpg 768w, https:\/\/zoedelac.com\/wp-content\/uploads\/2025\/02\/ggg-1536x1536.jpg 1536w, https:\/\/zoedelac.com\/wp-content\/uploads\/2025\/02\/ggg-2048x2048.jpg 2048w, https:\/\/zoedelac.com\/wp-content\/uploads\/2025\/02\/ggg-600x600.jpg 600w, https:\/\/zoedelac.com\/wp-content\/uploads\/2025\/02\/ggg-100x100.jpg 100w\" sizes=\"auto, (max-width: 300px) 100vw, 300px\" \/><\/a><\/div><a class=\"wp-block-latest-posts__post-title\" href=\"https:\/\/zoedelac.com\/index.php\/2025\/02\/15\/la-chaouette\/\">LA CHAOUETTE<\/a><\/li>\n<li><div class=\"wp-block-latest-posts__featured-image\"><a href=\"https:\/\/zoedelac.com\/index.php\/2025\/02\/15\/lart-palette\/\" aria-label=\"L&rsquo;ART PALETTE\"><img loading=\"lazy\" decoding=\"async\" width=\"300\" height=\"295\" src=\"https:\/\/zoedelac.com\/wp-content\/uploads\/2025\/02\/Artpalette_Plan-de-travail-1-300x295.jpg\" class=\"attachment-medium size-medium wp-post-image\" alt=\"\" style=\"\" srcset=\"https:\/\/zoedelac.com\/wp-content\/uploads\/2025\/02\/Artpalette_Plan-de-travail-1-300x295.jpg 300w, https:\/\/zoedelac.com\/wp-content\/uploads\/2025\/02\/Artpalette_Plan-de-travail-1-1024x1008.jpg 1024w, https:\/\/zoedelac.com\/wp-content\/uploads\/2025\/02\/Artpalette_Plan-de-travail-1-768x756.jpg 768w, https:\/\/zoedelac.com\/wp-content\/uploads\/2025\/02\/Artpalette_Plan-de-travail-1-600x591.jpg 600w, https:\/\/zoedelac.com\/wp-content\/uploads\/2025\/02\/Artpalette_Plan-de-travail-1.jpg 1476w\" sizes=\"auto, (max-width: 300px) 100vw, 300px\" \/><\/a><\/div><a class=\"wp-block-latest-posts__post-title\" href=\"https:\/\/zoedelac.com\/index.php\/2025\/02\/15\/lart-palette\/\">L&rsquo;ART PALETTE<\/a><\/li>\n<\/ul><\/div><\/div><figure class=\"wp-block-image aligncenter size-full is-resized\"><a href=\"https:\/\/zoedelac.com\/index.php\/2025\/11\/18\/buffalo-ii\/\"><img loading=\"lazy\" decoding=\"async\" width=\"2560\" height=\"1707\" src=\"https:\/\/zoedelac.com\/wp-content\/uploads\/2025\/11\/buffalo02_2-scaled.jpg\" alt=\"\" class=\"wp-image-953\" style=\"width:1028px;height:auto\" srcset=\"https:\/\/zoedelac.com\/wp-content\/uploads\/2025\/11\/buffalo02_2-scaled.jpg 2560w, https:\/\/zoedelac.com\/wp-content\/uploads\/2025\/11\/buffalo02_2-300x200.jpg 300w, https:\/\/zoedelac.com\/wp-content\/uploads\/2025\/11\/buffalo02_2-1024x683.jpg 1024w, https:\/\/zoedelac.com\/wp-content\/uploads\/2025\/11\/buffalo02_2-768x512.jpg 768w, https:\/\/zoedelac.com\/wp-content\/uploads\/2025\/11\/buffalo02_2-1536x1024.jpg 1536w, https:\/\/zoedelac.com\/wp-content\/uploads\/2025\/11\/buffalo02_2-2048x1365.jpg 2048w, https:\/\/zoedelac.com\/wp-content\/uploads\/2025\/11\/buffalo02_2-600x400.jpg 600w\" sizes=\"auto, (max-width: 2560px) 100vw, 2560px\" \/><\/a><\/figure><p><strong>Une nouvelle toile<\/strong> command\u00e9e et achev\u00e9e <br><em>Buffalo II<\/em><br>De 130 x 190 cm acrylique et vernis brillant<\/p><p class=\"has-small-font-size\">New painting<br><em>Buffalo II<\/em><br>130 x 190 cm, acrylic with gloss varnish<br><br><\/p><div class=\"wp-block-columns is-layout-flex wp-container-core-columns-is-layout-de2777a4 wp-block-columns-is-layout-flex\" style=\"padding-right:0px;padding-left:0px\"><div class=\"wp-block-column is-layout-flow wp-container-core-column-is-layout-4a7d14b4 wp-block-column-is-layout-flow\" style=\"padding-top:0px;padding-bottom:0px\"><figure class=\"wp-block-image size-large\"><a href=\"https:\/\/zoedelac.com\/wp-content\/uploads\/2025\/03\/Calque-0.png\"><img loading=\"lazy\" decoding=\"async\" width=\"1024\" height=\"682\" src=\"https:\/\/zoedelac.com\/wp-content\/uploads\/2025\/03\/Calque-0-1024x682.png\" alt=\"\" class=\"wp-image-755\" srcset=\"https:\/\/zoedelac.com\/wp-content\/uploads\/2025\/03\/Calque-0-1024x682.png 1024w, https:\/\/zoedelac.com\/wp-content\/uploads\/2025\/03\/Calque-0-300x200.png 300w, https:\/\/zoedelac.com\/wp-content\/uploads\/2025\/03\/Calque-0-768x511.png 768w, https:\/\/zoedelac.com\/wp-content\/uploads\/2025\/03\/Calque-0-600x399.png 600w, https:\/\/zoedelac.com\/wp-content\/uploads\/2025\/03\/Calque-0.png 1182w\" sizes=\"auto, (max-width: 1024px) 100vw, 1024px\" \/><\/a><\/figure>\n\n<p><strong>Une fresque pour le restaurant Poulpo<\/strong> ! <br>Sur 400cmx100cm, janvier 2025, avec<strong><a href=\"https:\/\/www.instagram.com\/lisa_cpgn\/?hl=fr\" data-type=\"link\" data-id=\"https:\/\/www.instagram.com\/lisa_cpgn\/?hl=fr\"> <\/a><\/strong><br><strong><a href=\"https:\/\/www.instagram.com\/lisa_cpgn\/?hl=fr\" data-type=\"link\" data-id=\"https:\/\/www.instagram.com\/lisa_cpgn\/?hl=fr\">LISA CARPAGNANO<\/a><\/strong><\/p>\n\n<p style=\"font-size:13px\">Mural for the Poulpo restaurant<br>400 cm x 100 cm, January 2025, in collaboration with LISA CARPAGNANO<\/p>\n\n<p><a href=\"https:\/\/www.instagram.com\/poulpo.nancy\/?hl=fr\" data-type=\"link\" data-id=\"https:\/\/www.instagram.com\/poulpo.nancy\/?hl=fr\"><mark style=\"background-color:rgba(0, 0, 0, 0)\" class=\"has-inline-color has-ast-global-color-0-color\"><strong>\u2710<\/strong> Poulpo sur intagram <\/mark><\/a><\/p><\/div>\n\n<div class=\"wp-block-column is-layout-flow wp-block-column-is-layout-flow\"><figure class=\"wp-block-image size-large\"><a href=\"https:\/\/zoedelac.com\/wp-content\/uploads\/2025\/03\/Sans-titre-1-02.png\"><img loading=\"lazy\" decoding=\"async\" width=\"1024\" height=\"682\" src=\"https:\/\/zoedelac.com\/wp-content\/uploads\/2025\/03\/Sans-titre-1-02-1024x682.png\" alt=\"\" class=\"wp-image-756\" srcset=\"https:\/\/zoedelac.com\/wp-content\/uploads\/2025\/03\/Sans-titre-1-02-1024x682.png 1024w, https:\/\/zoedelac.com\/wp-content\/uploads\/2025\/03\/Sans-titre-1-02-300x200.png 300w, https:\/\/zoedelac.com\/wp-content\/uploads\/2025\/03\/Sans-titre-1-02-768x511.png 768w, https:\/\/zoedelac.com\/wp-content\/uploads\/2025\/03\/Sans-titre-1-02-600x399.png 600w, https:\/\/zoedelac.com\/wp-content\/uploads\/2025\/03\/Sans-titre-1-02.png 1182w\" sizes=\"auto, (max-width: 1024px) 100vw, 1024px\" \/><\/a><\/figure><\/div>\n\n<div class=\"wp-block-column is-layout-flow wp-block-column-is-layout-flow\"><figure class=\"wp-block-image size-large\"><a href=\"https:\/\/zoedelac.com\/wp-content\/uploads\/2025\/03\/Sans-titre-1-03.jpg\"><img loading=\"lazy\" decoding=\"async\" width=\"1024\" height=\"682\" src=\"https:\/\/zoedelac.com\/wp-content\/uploads\/2025\/03\/Sans-titre-1-03-1024x682.jpg\" alt=\"\" class=\"wp-image-757\" srcset=\"https:\/\/zoedelac.com\/wp-content\/uploads\/2025\/03\/Sans-titre-1-03-1024x682.jpg 1024w, https:\/\/zoedelac.com\/wp-content\/uploads\/2025\/03\/Sans-titre-1-03-300x200.jpg 300w, https:\/\/zoedelac.com\/wp-content\/uploads\/2025\/03\/Sans-titre-1-03-768x511.jpg 768w, https:\/\/zoedelac.com\/wp-content\/uploads\/2025\/03\/Sans-titre-1-03-600x399.jpg 600w, https:\/\/zoedelac.com\/wp-content\/uploads\/2025\/03\/Sans-titre-1-03.jpg 1182w\" sizes=\"auto, (max-width: 1024px) 100vw, 1024px\" \/><\/a><\/figure>\n\n<ul class=\"wp-block-social-links alignright has-icon-color has-icon-background-color is-layout-flex wp-block-social-links-is-layout-flex\"><\/ul><\/div><\/div><figure class=\"wp-block-image aligncenter size-large\"><a href=\"https:\/\/zoedelac.com\/wp-content\/uploads\/2025\/05\/yrdxkyh-1.jpg\"><img loading=\"lazy\" decoding=\"async\" width=\"1024\" height=\"954\" src=\"https:\/\/zoedelac.com\/wp-content\/uploads\/2025\/05\/yrdxkyh-1-1024x954.jpg\" alt=\"\" class=\"wp-image-834\" srcset=\"https:\/\/zoedelac.com\/wp-content\/uploads\/2025\/05\/yrdxkyh-1-1024x954.jpg 1024w, https:\/\/zoedelac.com\/wp-content\/uploads\/2025\/05\/yrdxkyh-1-300x279.jpg 300w, https:\/\/zoedelac.com\/wp-content\/uploads\/2025\/05\/yrdxkyh-1-768x715.jpg 768w, https:\/\/zoedelac.com\/wp-content\/uploads\/2025\/05\/yrdxkyh-1-600x559.jpg 600w, https:\/\/zoedelac.com\/wp-content\/uploads\/2025\/05\/yrdxkyh-1.jpg 1080w\" sizes=\"auto, (max-width: 1024px) 100vw, 1024px\" \/><\/a><\/figure><p><strong>Une nouvelle toile<\/strong> qui arrive pour ce mois de Mai 2025<br>De 130 x 190 cm acrylique et vernis brillant<br>Les ch\u00e2ssis sont r\u00e9alis\u00e9s sur demande et \u00e0 la main <\/p><p style=\"font-size:13px\">New painting coming this May 2025<br>130 x 190 cm, acrylic with gloss varnish<br>The canvases are handmade and crafted on request<\/p><p><\/p><p><\/p>","protected":false},"excerpt":{"rendered":"<p>\u2710Bienvenue sur le site de Zo\u00e9 Delac Ce site regroupe diff\u00e9rents travaux, commandes, s\u00e9rigraphies, peintures, prints et une boutique en [&hellip;]<\/p>\n","protected":false},"author":1,"featured_media":0,"parent":0,"menu_order":0,"comment_status":"closed","ping_status":"closed","template":"","meta":{"site-sidebar-layout":"default","site-content-layout":"","ast-site-content-layout":"","site-content-style":"default","site-sidebar-style":"default","ast-global-header-display":"","ast-banner-title-visibility":"","ast-main-header-display":"","ast-hfb-above-header-display":"","ast-hfb-below-header-display":"","ast-hfb-mobile-header-display":"","site-post-title":"disabled","ast-breadcrumbs-content":"","ast-featured-img":"","footer-sml-layout":"","theme-transparent-header-meta":"","adv-header-id-meta":"","stick-header-meta":"","header-above-stick-meta":"","header-main-stick-meta":"","header-below-stick-meta":"","astra-migrate-meta-layouts":"default","ast-page-background-enabled":"default","ast-page-background-meta":{"desktop":{"background-color":"var(--ast-global-color-5)","background-image":"","background-repeat":"repeat","background-position":"center center","background-size":"auto","background-attachment":"scroll","background-type":"","background-media":"","overlay-type":"","overlay-color":"","overlay-opacity":"","overlay-gradient":""},"tablet":{"background-color":"","background-image":"","background-repeat":"repeat","background-position":"center center","background-size":"auto","background-attachment":"scroll","background-type":"","background-media":"","overlay-type":"","overlay-color":"","overlay-opacity":"","overlay-gradient":""},"mobile":{"background-color":"","background-image":"","background-repeat":"repeat","background-position":"center center","background-size":"auto","background-attachment":"scroll","background-type":"","background-media":"","overlay-type":"","overlay-color":"","overlay-opacity":"","overlay-gradient":""}},"ast-content-background-meta":{"desktop":{"background-color":"var(--ast-global-color-4)","background-image":"","background-repeat":"repeat","background-position":"center center","background-size":"auto","background-attachment":"scroll","background-type":"","background-media":"","overlay-type":"","overlay-color":"","overlay-opacity":"","overlay-gradient":""},"tablet":{"background-color":"var(--ast-global-color-4)","background-image":"","background-repeat":"repeat","background-position":"center center","background-size":"auto","background-attachment":"scroll","background-type":"","background-media":"","overlay-type":"","overlay-color":"","overlay-opacity":"","overlay-gradient":""},"mobile":{"background-color":"var(--ast-global-color-4)","background-image":"","background-repeat":"repeat","background-position":"center center","background-size":"auto","background-attachment":"scroll","background-type":"","background-media":"","overlay-type":"","overlay-color":"","overlay-opacity":"","overlay-gradient":""}},"footnotes":""},"class_list":["post-7","page","type-page","status-publish","hentry"],"_links":{"self":[{"href":"https:\/\/zoedelac.com\/index.php\/wp-json\/wp\/v2\/pages\/7","targetHints":{"allow":["GET"]}}],"collection":[{"href":"https:\/\/zoedelac.com\/index.php\/wp-json\/wp\/v2\/pages"}],"about":[{"href":"https:\/\/zoedelac.com\/index.php\/wp-json\/wp\/v2\/types\/page"}],"author":[{"embeddable":true,"href":"https:\/\/zoedelac.com\/index.php\/wp-json\/wp\/v2\/users\/1"}],"replies":[{"embeddable":true,"href":"https:\/\/zoedelac.com\/index.php\/wp-json\/wp\/v2\/comments?post=7"}],"version-history":[{"count":104,"href":"https:\/\/zoedelac.com\/index.php\/wp-json\/wp\/v2\/pages\/7\/revisions"}],"predecessor-version":[{"id":962,"href":"https:\/\/zoedelac.com\/index.php\/wp-json\/wp\/v2\/pages\/7\/revisions\/962"}],"wp:attachment":[{"href":"https:\/\/zoedelac.com\/index.php\/wp-json\/wp\/v2\/media?parent=7"}],"curies":[{"name":"wp","href":"https:\/\/api.w.org\/{rel}","templated":true}]}}